{"id":823,"date":"2023-08-17T17:06:48","date_gmt":"2023-08-17T17:06:48","guid":{"rendered":"https:\/\/lavnosrad.com\/oeuvres\/stephanie\/"},"modified":"2023-09-20T17:06:48","modified_gmt":"2023-09-20T17:06:48","slug":"mirror-face-hide-stephanie","status":"publish","type":"product","link":"https:\/\/lavnosrad.com\/en\/oeuvres\/mirror-face-hide-stephanie\/","title":{"rendered":"St\u00e9phanie"},"content":{"rendered":"<p>An art nouveau frame frames this mirror, revealing a retro-style photo&#8230;<br \/>\nFrame dimensions: 58 x 45 cm.<br \/>\nThis is a unique work of art. The frame has been restored by LAVNOSRAD. The mirror&#8217;s transparency effects are created by hand and require no electrical or mechanical action.<\/p>\n","protected":false},"excerpt":{"rendered":"<p>LAVNOSRAD&#8217;s mirrors are a mystery revealed in subtle and intriguing ways. Their rendering is ghostly, and their beauty delicate to capture online. Why? Because the portrait only appears in a precise position in front of the mirror, under perfect light.<br \/>\nWe&#8217;ve taken photos that reveal the contents of each mirror. All we need is your reflection to complete the picture!<\/p>\n","protected":false},"featured_media":1059,"comment_status":"open","ping_status":"closed","template":"","meta":[],"product_brand":[],"product_cat":[72],"product_tag":[],"class_list":{"0":"post-823","1":"product","2":"type-product","3":"status-publish","4":"has-post-thumbnail","6":"product_cat-solo-mirrors","8":"first","9":"outofstock","10":"sold-individually","11":"taxable","12":"shipping-taxable","13":"purchasable","14":"product-type-simple"},"acf":[],"yoast_head":"<!-- This site is optimized with the Yoast SEO plugin v27.4 - https:\/\/yoast.com\/product\/yoast-seo-wordpress\/ -->\n<title>Mirror Face down St\u00e9phanie | LAVNOSRAD<\/title>\n<meta name=\"description\" content=\"This habited mirror from the Face Cach\u00e9e collection by LAVNOSRAD reveals a retro portrait: St\u00e9phanie... let yourself be surprised!\" \/>\n<meta name=\"robots\" content=\"index, follow, max-snippet:-1, max-image-preview:large, max-video-preview:-1\" \/>\n<link rel=\"canonical\" href=\"https:\/\/lavnosrad.com\/en\/oeuvres\/mirror-face-hide-stephanie\/\" \/>\n<meta property=\"og:locale\" content=\"en_US\" \/>\n<meta property=\"og:type\" content=\"article\" \/>\n<meta property=\"og:title\" content=\"Mirror Face down St\u00e9phanie | LAVNOSRAD\" \/>\n<meta property=\"og:description\" content=\"This habited mirror from the Face Cach\u00e9e collection by LAVNOSRAD reveals a retro portrait: St\u00e9phanie... let yourself be surprised!\" \/>\n<meta property=\"og:url\" content=\"https:\/\/lavnosrad.com\/en\/oeuvres\/mirror-face-hide-stephanie\/\" \/>\n<meta property=\"og:site_name\" content=\"LAVNOSRAD\" \/>\n<meta property=\"article:modified_time\" content=\"2023-09-20T17:06:48+00:00\" \/>\n<meta property=\"og:image\" content=\"https:\/\/lavnosrad.com\/wp-content\/uploads\/2023\/09\/mai-2023-24-683x1024.jpg\" \/>\n\t<meta property=\"og:image:width\" content=\"683\" \/>\n\t<meta property=\"og:image:height\" content=\"1024\" \/>\n\t<meta property=\"og:image:type\" content=\"image\/jpeg\" \/>\n<meta name=\"twitter:card\" content=\"summary_large_image\" \/>\n<meta name=\"twitter:site\" content=\"@LAVNOSRAD\" \/>\n<script type=\"application\/ld+json\" class=\"yoast-schema-graph\">{\"@context\":\"https:\\\/\\\/schema.org\",\"@graph\":[{\"@type\":\"WebPage\",\"@id\":\"https:\\\/\\\/lavnosrad.com\\\/en\\\/oeuvres\\\/mirror-face-hide-stephanie\\\/\",\"url\":\"https:\\\/\\\/lavnosrad.com\\\/en\\\/oeuvres\\\/mirror-face-hide-stephanie\\\/\",\"name\":\"Mirror Face down St\u00e9phanie | LAVNOSRAD\",\"isPartOf\":{\"@id\":\"https:\\\/\\\/lavnosrad.com\\\/en\\\/#website\"},\"primaryImageOfPage\":{\"@id\":\"https:\\\/\\\/lavnosrad.com\\\/en\\\/oeuvres\\\/mirror-face-hide-stephanie\\\/#primaryimage\"},\"image\":{\"@id\":\"https:\\\/\\\/lavnosrad.com\\\/en\\\/oeuvres\\\/mirror-face-hide-stephanie\\\/#primaryimage\"},\"thumbnailUrl\":\"https:\\\/\\\/lavnosrad.com\\\/wp-content\\\/uploads\\\/Stephanie-1-1.jpg\",\"datePublished\":\"2023-08-17T17:06:48+00:00\",\"dateModified\":\"2023-09-20T17:06:48+00:00\",\"description\":\"This habited mirror from the Face Cach\u00e9e collection by LAVNOSRAD reveals a retro portrait: St\u00e9phanie... let yourself be surprised!\",\"breadcrumb\":{\"@id\":\"https:\\\/\\\/lavnosrad.com\\\/en\\\/oeuvres\\\/mirror-face-hide-stephanie\\\/#breadcrumb\"},\"inLanguage\":\"en-US\",\"potentialAction\":[{\"@type\":\"ReadAction\",\"target\":[\"https:\\\/\\\/lavnosrad.com\\\/en\\\/oeuvres\\\/mirror-face-hide-stephanie\\\/\"]}]},{\"@type\":\"ImageObject\",\"inLanguage\":\"en-US\",\"@id\":\"https:\\\/\\\/lavnosrad.com\\\/en\\\/oeuvres\\\/mirror-face-hide-stephanie\\\/#primaryimage\",\"url\":\"https:\\\/\\\/lavnosrad.com\\\/wp-content\\\/uploads\\\/Stephanie-1-1.jpg\",\"contentUrl\":\"https:\\\/\\\/lavnosrad.com\\\/wp-content\\\/uploads\\\/Stephanie-1-1.jpg\",\"width\":1320,\"height\":1980},{\"@type\":\"BreadcrumbList\",\"@id\":\"https:\\\/\\\/lavnosrad.com\\\/en\\\/oeuvres\\\/mirror-face-hide-stephanie\\\/#breadcrumb\",\"itemListElement\":[{\"@type\":\"ListItem\",\"position\":1,\"name\":\"Accueil\",\"item\":\"https:\\\/\\\/lavnosrad.com\\\/en\\\/\"},{\"@type\":\"ListItem\",\"position\":2,\"name\":\"Shop\",\"item\":\"https:\\\/\\\/lavnosrad.com\\\/en\\\/shop\\\/\"},{\"@type\":\"ListItem\",\"position\":3,\"name\":\"St\u00e9phanie\"}]},{\"@type\":\"WebSite\",\"@id\":\"https:\\\/\\\/lavnosrad.com\\\/en\\\/#website\",\"url\":\"https:\\\/\\\/lavnosrad.com\\\/en\\\/\",\"name\":\"LAVNOSRAD\",\"description\":\"\",\"publisher\":{\"@id\":\"https:\\\/\\\/lavnosrad.com\\\/en\\\/#organization\"},\"potentialAction\":[{\"@type\":\"SearchAction\",\"target\":{\"@type\":\"EntryPoint\",\"urlTemplate\":\"https:\\\/\\\/lavnosrad.com\\\/en\\\/?s={search_term_string}\"},\"query-input\":{\"@type\":\"PropertyValueSpecification\",\"valueRequired\":true,\"valueName\":\"search_term_string\"}}],\"inLanguage\":\"en-US\"},{\"@type\":\"Organization\",\"@id\":\"https:\\\/\\\/lavnosrad.com\\\/en\\\/#organization\",\"name\":\"Lavnosrad\",\"url\":\"https:\\\/\\\/lavnosrad.com\\\/en\\\/\",\"logo\":{\"@type\":\"ImageObject\",\"inLanguage\":\"en-US\",\"@id\":\"https:\\\/\\\/lavnosrad.com\\\/en\\\/#\\\/schema\\\/logo\\\/image\\\/\",\"url\":\"https:\\\/\\\/lavnosrad.com\\\/wp-content\\\/uploads\\\/2023\\\/09\\\/LAVNOSRAD-Logo-noir2.png\",\"contentUrl\":\"https:\\\/\\\/lavnosrad.com\\\/wp-content\\\/uploads\\\/2023\\\/09\\\/LAVNOSRAD-Logo-noir2.png\",\"width\":313,\"height\":189,\"caption\":\"Lavnosrad\"},\"image\":{\"@id\":\"https:\\\/\\\/lavnosrad.com\\\/en\\\/#\\\/schema\\\/logo\\\/image\\\/\"},\"sameAs\":[\"https:\\\/\\\/x.com\\\/LAVNOSRAD\",\"https:\\\/\\\/www.linkedin.com\\\/company\\\/lavnosrad\\\/\",\"https:\\\/\\\/www.instagram.com\\\/lavnosrad\\\/\",\"https:\\\/\\\/www.pinterest.fr\\\/LAVNOSRAD\\\/\"]}]}<\/script>\n<!-- \/ Yoast SEO plugin. -->","yoast_head_json":{"title":"Mirror Face down St\u00e9phanie | LAVNOSRAD","description":"This habited mirror from the Face Cach\u00e9e collection by LAVNOSRAD reveals a retro portrait: St\u00e9phanie... let yourself be surprised!","robots":{"index":"index","follow":"follow","max-snippet":"max-snippet:-1","max-image-preview":"max-image-preview:large","max-video-preview":"max-video-preview:-1"},"canonical":"https:\/\/lavnosrad.com\/en\/oeuvres\/mirror-face-hide-stephanie\/","og_locale":"en_US","og_type":"article","og_title":"Mirror Face down St\u00e9phanie | LAVNOSRAD","og_description":"This habited mirror from the Face Cach\u00e9e collection by LAVNOSRAD reveals a retro portrait: St\u00e9phanie... let yourself be surprised!","og_url":"https:\/\/lavnosrad.com\/en\/oeuvres\/mirror-face-hide-stephanie\/","og_site_name":"LAVNOSRAD","article_modified_time":"2023-09-20T17:06:48+00:00","og_image":[{"width":683,"height":1024,"url":"https:\/\/lavnosrad.com\/wp-content\/uploads\/2023\/09\/mai-2023-24-683x1024.jpg","type":"image\/jpeg"}],"twitter_card":"summary_large_image","twitter_site":"@LAVNOSRAD","schema":{"@context":"https:\/\/schema.org","@graph":[{"@type":"WebPage","@id":"https:\/\/lavnosrad.com\/en\/oeuvres\/mirror-face-hide-stephanie\/","url":"https:\/\/lavnosrad.com\/en\/oeuvres\/mirror-face-hide-stephanie\/","name":"Mirror Face down St\u00e9phanie | LAVNOSRAD","isPartOf":{"@id":"https:\/\/lavnosrad.com\/en\/#website"},"primaryImageOfPage":{"@id":"https:\/\/lavnosrad.com\/en\/oeuvres\/mirror-face-hide-stephanie\/#primaryimage"},"image":{"@id":"https:\/\/lavnosrad.com\/en\/oeuvres\/mirror-face-hide-stephanie\/#primaryimage"},"thumbnailUrl":"https:\/\/lavnosrad.com\/wp-content\/uploads\/Stephanie-1-1.jpg","datePublished":"2023-08-17T17:06:48+00:00","dateModified":"2023-09-20T17:06:48+00:00","description":"This habited mirror from the Face Cach\u00e9e collection by LAVNOSRAD reveals a retro portrait: St\u00e9phanie... let yourself be surprised!","breadcrumb":{"@id":"https:\/\/lavnosrad.com\/en\/oeuvres\/mirror-face-hide-stephanie\/#breadcrumb"},"inLanguage":"en-US","potentialAction":[{"@type":"ReadAction","target":["https:\/\/lavnosrad.com\/en\/oeuvres\/mirror-face-hide-stephanie\/"]}]},{"@type":"ImageObject","inLanguage":"en-US","@id":"https:\/\/lavnosrad.com\/en\/oeuvres\/mirror-face-hide-stephanie\/#primaryimage","url":"https:\/\/lavnosrad.com\/wp-content\/uploads\/Stephanie-1-1.jpg","contentUrl":"https:\/\/lavnosrad.com\/wp-content\/uploads\/Stephanie-1-1.jpg","width":1320,"height":1980},{"@type":"BreadcrumbList","@id":"https:\/\/lavnosrad.com\/en\/oeuvres\/mirror-face-hide-stephanie\/#breadcrumb","itemListElement":[{"@type":"ListItem","position":1,"name":"Accueil","item":"https:\/\/lavnosrad.com\/en\/"},{"@type":"ListItem","position":2,"name":"Shop","item":"https:\/\/lavnosrad.com\/en\/shop\/"},{"@type":"ListItem","position":3,"name":"St\u00e9phanie"}]},{"@type":"WebSite","@id":"https:\/\/lavnosrad.com\/en\/#website","url":"https:\/\/lavnosrad.com\/en\/","name":"LAVNOSRAD","description":"","publisher":{"@id":"https:\/\/lavnosrad.com\/en\/#organization"},"potentialAction":[{"@type":"SearchAction","target":{"@type":"EntryPoint","urlTemplate":"https:\/\/lavnosrad.com\/en\/?s={search_term_string}"},"query-input":{"@type":"PropertyValueSpecification","valueRequired":true,"valueName":"search_term_string"}}],"inLanguage":"en-US"},{"@type":"Organization","@id":"https:\/\/lavnosrad.com\/en\/#organization","name":"Lavnosrad","url":"https:\/\/lavnosrad.com\/en\/","logo":{"@type":"ImageObject","inLanguage":"en-US","@id":"https:\/\/lavnosrad.com\/en\/#\/schema\/logo\/image\/","url":"https:\/\/lavnosrad.com\/wp-content\/uploads\/2023\/09\/LAVNOSRAD-Logo-noir2.png","contentUrl":"https:\/\/lavnosrad.com\/wp-content\/uploads\/2023\/09\/LAVNOSRAD-Logo-noir2.png","width":313,"height":189,"caption":"Lavnosrad"},"image":{"@id":"https:\/\/lavnosrad.com\/en\/#\/schema\/logo\/image\/"},"sameAs":["https:\/\/x.com\/LAVNOSRAD","https:\/\/www.linkedin.com\/company\/lavnosrad\/","https:\/\/www.instagram.com\/lavnosrad\/","https:\/\/www.pinterest.fr\/LAVNOSRAD\/"]}]}},"_links":{"self":[{"href":"https:\/\/lavnosrad.com\/en\/wp-json\/wp\/v2\/product\/823","targetHints":{"allow":["GET"]}}],"collection":[{"href":"https:\/\/lavnosrad.com\/en\/wp-json\/wp\/v2\/product"}],"about":[{"href":"https:\/\/lavnosrad.com\/en\/wp-json\/wp\/v2\/types\/product"}],"replies":[{"embeddable":true,"href":"https:\/\/lavnosrad.com\/en\/wp-json\/wp\/v2\/comments?post=823"}],"wp:featuredmedia":[{"embeddable":true,"href":"https:\/\/lavnosrad.com\/en\/wp-json\/wp\/v2\/media\/1059"}],"wp:attachment":[{"href":"https:\/\/lavnosrad.com\/en\/wp-json\/wp\/v2\/media?parent=823"}],"wp:term":[{"taxonomy":"product_brand","embeddable":true,"href":"https:\/\/lavnosrad.com\/en\/wp-json\/wp\/v2\/product_brand?post=823"},{"taxonomy":"product_cat","embeddable":true,"href":"https:\/\/lavnosrad.com\/en\/wp-json\/wp\/v2\/product_cat?post=823"},{"taxonomy":"product_tag","embeddable":true,"href":"https:\/\/lavnosrad.com\/en\/wp-json\/wp\/v2\/product_tag?post=823"}],"curies":[{"name":"wp","href":"https:\/\/api.w.org\/{rel}","templated":true}]}}